{"id":4483,"date":"2022-03-23T11:49:05","date_gmt":"2022-03-23T10:49:05","guid":{"rendered":"https:\/\/www.die-verleugneten.de\/remembrance-commemoration\/"},"modified":"2025-03-10T12:05:30","modified_gmt":"2025-03-10T11:05:30","slug":"your-stories","status":"publish","type":"page","link":"https:\/\/www.die-verleugneten.de\/en\/your-stories\/","title":{"rendered":"Your Stories"},"content":{"rendered":"\n<div class=\"wp-block-columns is-layout-flex wp-container-core-columns-is-layout-9d6595d7 wp-block-columns-is-layout-flex\">\n<div class=\"wp-block-column is-layout-flow wp-block-column-is-layout-flow\" style=\"flex-basis:67.66%\">\n<p class=\"has-lead-font-size\">Here you can find out about how people persecuted by the Nazis as \u00bbasocials\u00ab and \u00bbcareer criminals\u00ab are remembered. How do their families address the history of persecution? How do initiatives and research contribute to it? What types of remembrance and commemoration exist?<\/p>\n<\/div>\n\n\n\n<div class=\"wp-block-column is-layout-flow wp-block-column-is-layout-flow\" style=\"flex-basis:32.33%\"><\/div>\n<\/div>\n\n\n\n<div class=\"wp-block-boom-spacer\" style=\"height:3.9rem\"><\/div>\n\n\n\n<div \tclass=\"wp-block-boom-query-posts\">\n\n\t<div id=\"block_11a1a85392f55703363778f8d7cfe3d7\" class=\"row\" aria-live=\"polite\" data-posts-wrapper>\n\n\t\t<span class=\"visually-hidden\">\n\t\t\tWe found 5 results for your search.\t\t<\/span>\n\n\t\t\n\t\t\t<article id=\"post-5919\" class=\"d-flex flex-column mb-9 col-md-6 col-lg-4 post-5919 post type-post status-publish format-standard has-post-thumbnail hentry category-your-stories\">\n\n\t\t<a class=\"post-thumbnail mb-4 img-zoomin\" href=\"https:\/\/www.die-verleugneten.de\/en\/your-stories\/against-disavowal-the-speeches-of-the-relatives-of-the-persecuted\/\" aria-hidden=\"true\" tabindex=\"-1\">\n\t\t<img loading=\"lazy\" decoding=\"async\" width=\"400\" height=\"267\" src=\"https:\/\/www.die-verleugneten.de\/wp-content\/uploads\/2024\/10\/2024-10-10-eroffnung-die-verleugneten-c-stiftung-denkmal-foto-marko-priske-98-400x267.jpg\" class=\"size-medium img-square wp-post-image\" alt=\"Against Disavowal: The Speeches of the Relatives of the Persecuted\" style=\"\" srcset=\"https:\/\/www.die-verleugneten.de\/wp-content\/uploads\/2024\/10\/2024-10-10-eroffnung-die-verleugneten-c-stiftung-denkmal-foto-marko-priske-98-400x267.jpg 400w, https:\/\/www.die-verleugneten.de\/wp-content\/uploads\/2024\/10\/2024-10-10-eroffnung-die-verleugneten-c-stiftung-denkmal-foto-marko-priske-98-800x533.jpg 800w, https:\/\/www.die-verleugneten.de\/wp-content\/uploads\/2024\/10\/2024-10-10-eroffnung-die-verleugneten-c-stiftung-denkmal-foto-marko-priske-98-768x512.jpg 768w, https:\/\/www.die-verleugneten.de\/wp-content\/uploads\/2024\/10\/2024-10-10-eroffnung-die-verleugneten-c-stiftung-denkmal-foto-marko-priske-98-1536x1024.jpg 1536w, https:\/\/www.die-verleugneten.de\/wp-content\/uploads\/2024\/10\/2024-10-10-eroffnung-die-verleugneten-c-stiftung-denkmal-foto-marko-priske-98-2048x1365.jpg 2048w\" sizes=\"auto, (max-width: 400px) 100vw, 400px\" \/>\t<\/a>\n\t\n\t<header class=\"entry-header\">\n\n\t\t<h2 class=\"entry-title pt-0 h3\"><a href=\"https:\/\/www.die-verleugneten.de\/en\/your-stories\/against-disavowal-the-speeches-of-the-relatives-of-the-persecuted\/\" rel=\"bookmark\" class=\"teaser--link d-block\">Against Disavowal: The Speeches of the Relatives of the Persecuted<\/a><\/h2>\n\t<\/header>\n\n\t<div class=\"teaser-excerpt mb-1\"><p>Liane Lieske: The Boundary of Acceptability is the Erosion of Human Rights My grandmother, Erna Lieske, was born in 1900 as the illegitimate daughter of a maid in Pomerania. Her mother died&#8230;<\/p>\n<\/div>\n\n<p class=\"teaser-button mt-auto\">\n\t<a class=\"btn btn-primary mt-8\" href=\"https:\/\/www.die-verleugneten.de\/en\/your-stories\/against-disavowal-the-speeches-of-the-relatives-of-the-persecuted\/\" aria-label=\"To Article: Against Disavowal: The Speeches of the Relatives of the Persecuted\">learn more<\/a>\n<\/p>\n\n<\/article>\n<article id=\"post-5800\" class=\"d-flex flex-column mb-9 col-md-6 col-lg-4 post-5800 post type-post status-publish format-standard has-post-thumbnail hentry category-your-stories\">\n\n\t\t<a class=\"post-thumbnail mb-4 img-zoomin\" href=\"https:\/\/www.die-verleugneten.de\/en\/your-stories\/the-forgotten-women-of-aichach\/\" aria-hidden=\"true\" tabindex=\"-1\">\n\t\t<img loading=\"lazy\" decoding=\"async\" width=\"400\" height=\"229\" src=\"https:\/\/www.die-verleugneten.de\/wp-content\/uploads\/2024\/07\/merkl-hofgang-aichach-400x229.jpg\" class=\"size-medium img-square wp-post-image\" alt=\"The Forgotten Women of Aichach\" style=\"\" srcset=\"https:\/\/www.die-verleugneten.de\/wp-content\/uploads\/2024\/07\/merkl-hofgang-aichach-400x229.jpg 400w, https:\/\/www.die-verleugneten.de\/wp-content\/uploads\/2024\/07\/merkl-hofgang-aichach-800x458.jpg 800w, https:\/\/www.die-verleugneten.de\/wp-content\/uploads\/2024\/07\/merkl-hofgang-aichach-768x440.jpg 768w, https:\/\/www.die-verleugneten.de\/wp-content\/uploads\/2024\/07\/merkl-hofgang-aichach-1536x880.jpg 1536w, https:\/\/www.die-verleugneten.de\/wp-content\/uploads\/2024\/07\/merkl-hofgang-aichach-2048x1173.jpg 2048w\" sizes=\"auto, (max-width: 400px) 100vw, 400px\" \/>\t<\/a>\n\t\n\t<header class=\"entry-header\">\n\n\t\t<h2 class=\"entry-title pt-0 h3\"><a href=\"https:\/\/www.die-verleugneten.de\/en\/your-stories\/the-forgotten-women-of-aichach\/\" rel=\"bookmark\" class=\"teaser--link d-block\">The Forgotten Women of Aichach<\/a><\/h2>\n\t<\/header>\n\n\t<div class=\"teaser-excerpt mb-1\"><p>From 1933 to 1945, numerous women were imprisoned by the National Socialists in the Aichach women&#8217;s prison, with many of them deported to concentration camps. For decades, there was little interest in&#8230;<\/p>\n<\/div>\n\n<p class=\"teaser-button mt-auto\">\n\t<a class=\"btn btn-primary mt-8\" href=\"https:\/\/www.die-verleugneten.de\/en\/your-stories\/the-forgotten-women-of-aichach\/\" aria-label=\"To Article: The Forgotten Women of Aichach\">learn more<\/a>\n<\/p>\n\n<\/article>\n<article id=\"post-5796\" class=\"d-flex flex-column mb-9 col-md-6 col-lg-4 post-5796 post type-post status-publish format-standard has-post-thumbnail hentry category-your-stories\">\n\n\t\t<a class=\"post-thumbnail mb-4 img-zoomin\" href=\"https:\/\/www.die-verleugneten.de\/en\/your-stories\/kapo-and-saviour-remembering-willy-brachmann\/\" aria-hidden=\"true\" tabindex=\"-1\">\n\t\t<img loading=\"lazy\" decoding=\"async\" width=\"400\" height=\"400\" src=\"https:\/\/www.die-verleugneten.de\/wp-content\/uploads\/2023\/09\/brachmann-thumb-400x400-the-archive-of-the-state-museum-auschwitz-birkenau-in-oswieci.jpg\" class=\"size-medium img-square wp-post-image\" alt=\"Kapo and Saviour &#8211; Remembering Willy Brachmann\" style=\"\" srcset=\"https:\/\/www.die-verleugneten.de\/wp-content\/uploads\/2023\/09\/brachmann-thumb-400x400-the-archive-of-the-state-museum-auschwitz-birkenau-in-oswieci.jpg 400w, https:\/\/www.die-verleugneten.de\/wp-content\/uploads\/2023\/09\/brachmann-thumb-400x400-the-archive-of-the-state-museum-auschwitz-birkenau-in-oswieci-150x150.jpg 150w\" sizes=\"auto, (max-width: 400px) 100vw, 400px\" \/>\t<\/a>\n\t\n\t<header class=\"entry-header\">\n\n\t\t<h2 class=\"entry-title pt-0 h3\"><a href=\"https:\/\/www.die-verleugneten.de\/en\/your-stories\/kapo-and-saviour-remembering-willy-brachmann\/\" rel=\"bookmark\" class=\"teaser--link d-block\">Kapo and Saviour &#8211; Remembering Willy Brachmann<\/a><\/h2>\n\t<\/header>\n\n\t<div class=\"teaser-excerpt mb-1\"><p>Dr. Anna H\u00e1jkov\u00e1 is a historian who teaches and works at the University of Warwick. She has been advocating for the remembrance and recognition of Willy Brachmann for many years. In June&#8230;<\/p>\n<\/div>\n\n<p class=\"teaser-button mt-auto\">\n\t<a class=\"btn btn-primary mt-8\" href=\"https:\/\/www.die-verleugneten.de\/en\/your-stories\/kapo-and-saviour-remembering-willy-brachmann\/\" aria-label=\"To Article: Kapo and Saviour &#8211; Remembering Willy Brachmann\">learn more<\/a>\n<\/p>\n\n<\/article>\n<article id=\"post-5792\" class=\"d-flex flex-column mb-9 col-md-6 col-lg-4 post-5792 post type-post status-publish format-standard has-post-thumbnail hentry category-your-stories\">\n\n\t\t<a class=\"post-thumbnail mb-4 img-zoomin\" href=\"https:\/\/www.die-verleugneten.de\/en\/your-stories\/rudolf-the-beggar-with-the-harmonica\/\" aria-hidden=\"true\" tabindex=\"-1\">\n\t\t<img loading=\"lazy\" decoding=\"async\" width=\"400\" height=\"400\" src=\"https:\/\/www.die-verleugneten.de\/wp-content\/uploads\/2023\/07\/krieg-rudolf-01-wolfe-skulpturen-400x400-mahn-und-gedenkstaette-ravensbrueck-pawelke.jpg\" class=\"size-medium img-square wp-post-image\" alt=\"Rudolf &#8211; The beggar with the harmonica\" style=\"\" srcset=\"https:\/\/www.die-verleugneten.de\/wp-content\/uploads\/2023\/07\/krieg-rudolf-01-wolfe-skulpturen-400x400-mahn-und-gedenkstaette-ravensbrueck-pawelke.jpg 400w, https:\/\/www.die-verleugneten.de\/wp-content\/uploads\/2023\/07\/krieg-rudolf-01-wolfe-skulpturen-400x400-mahn-und-gedenkstaette-ravensbrueck-pawelke-150x150.jpg 150w\" sizes=\"auto, (max-width: 400px) 100vw, 400px\" \/>\t<\/a>\n\t\n\t<header class=\"entry-header\">\n\n\t\t<h2 class=\"entry-title pt-0 h3\"><a href=\"https:\/\/www.die-verleugneten.de\/en\/your-stories\/rudolf-the-beggar-with-the-harmonica\/\" rel=\"bookmark\" class=\"teaser--link d-block\">Rudolf &#8211; The beggar with the harmonica<\/a><\/h2>\n\t<\/header>\n\n\t<div class=\"teaser-excerpt mb-1\">\u00bbIf I reported him, he said, he would never be set free.\u00ab In 2022, Alfons L. Ims published a book about his family\u2019s fate under National Socialism\u00bbEine \u203a<a tabindex=\"0\" role=\"button\" class=\"glossary\" data-bs-toggle=\"popover\" data-bs-trigger=\"hover focus\" title=\"asozial\" data-bs-content-id=\"popover-id-3955\" aria-label=\"asozial - Glossary term\">asozial<\/a>e\u2039 Pf\u00e4lzer Familie. Wie in&#8230;<div class=\"popovers-wrapper\"><div id=\"popover-id-3955\" class=\"d-none\">\n<p>Menschen werden als \u00bbasozial\u00ab bezeichnet und verfolgt, weil sie in der nationalsozialistischen \u00bbVolksgemeinschaft\u00ab keinen Platz haben. Das betrifft vor allem Arbeits- oder Wohnungslose, Bettler, F\u00fcrsorgeempf\u00e4nger\/-innen, Prostituierte oder unangepasste Jugendliche. Ihnen wird vorgeworfen, die Gemeinschaft zu gef\u00e4hrden. Bei ihrer Verfolgung arbeiten Beh\u00f6rden wie F\u00fcrsorge\u00e4mter, Justiz und Polizei zusammen. Sie schaffen ein engmaschiges Netz aus \u00dcberwachungs- und Zwangsma\u00dfnahmen.<\/p>\n<\/div><\/div><\/div>\n\n<p class=\"teaser-button mt-auto\">\n\t<a class=\"btn btn-primary mt-8\" href=\"https:\/\/www.die-verleugneten.de\/en\/your-stories\/rudolf-the-beggar-with-the-harmonica\/\" aria-label=\"To Article: Rudolf &#8211; The beggar with the harmonica\">learn more<\/a>\n<\/p>\n\n<\/article>\n<article id=\"post-4488\" class=\"d-flex flex-column mb-9 col-md-6 col-lg-4 post-4488 post type-post status-publish format-standard has-post-thumbnail hentry category-your-stories\">\n\n\t\t<a class=\"post-thumbnail mb-4 img-zoomin\" href=\"https:\/\/www.die-verleugneten.de\/en\/your-stories\/investigating-family-history-my-research-into-the-life-of-my-great-great-aunt-irmgard-plaettner\/\" aria-hidden=\"true\" tabindex=\"-1\">\n\t\t<img loading=\"lazy\" decoding=\"async\" width=\"400\" height=\"400\" src=\"https:\/\/www.die-verleugneten.de\/wp-content\/uploads\/2023\/09\/plaettner-thumb-400x400-privat.jpg\" class=\"size-medium img-square wp-post-image\" alt=\"Investigating Family History: My Research into the Life of my Great-Great-Aunt Irmgard Pl\u00e4ttner\" style=\"\" srcset=\"https:\/\/www.die-verleugneten.de\/wp-content\/uploads\/2023\/09\/plaettner-thumb-400x400-privat.jpg 400w, https:\/\/www.die-verleugneten.de\/wp-content\/uploads\/2023\/09\/plaettner-thumb-400x400-privat-150x150.jpg 150w\" sizes=\"auto, (max-width: 400px) 100vw, 400px\" \/>\t<\/a>\n\t\n\t<header class=\"entry-header\">\n\n\t\t<h2 class=\"entry-title pt-0 h3\"><a href=\"https:\/\/www.die-verleugneten.de\/en\/your-stories\/investigating-family-history-my-research-into-the-life-of-my-great-great-aunt-irmgard-plaettner\/\" rel=\"bookmark\" class=\"teaser--link d-block\">Investigating Family History: My Research into the Life of my Great-Great-Aunt Irmgard Pl\u00e4ttner<\/a><\/h2>\n\t<\/header>\n\n\t<div class=\"teaser-excerpt mb-1\"><p>In 2021 Daniel Haberlah published a book about his great-great-aunt titled \u00bbSent to Ravensbr\u00fcck as an \u203aAsocial\u2039: The Brief Life of Irmgard Pl\u00e4ttner\u00ab. Irmgard Pl\u00e4ttner was persecuted by the Nazis for supposedly being \u00bbasocial\u00ab and she died in Ravensbr\u00fcck concentration camp at the age of 24. In this article Daniel Haberlah from Braunschweig describes his attempts to trace her life history and how his family has dealt with it.<\/p>\n<\/div>\n\n<p class=\"teaser-button mt-auto\">\n\t<a class=\"btn btn-primary mt-8\" href=\"https:\/\/www.die-verleugneten.de\/en\/your-stories\/investigating-family-history-my-research-into-the-life-of-my-great-great-aunt-irmgard-plaettner\/\" aria-label=\"To Article: Investigating Family History: My Research into the Life of my Great-Great-Aunt Irmgard Pl\u00e4ttner\">learn more<\/a>\n<\/p>\n\n<\/article>\n\n\t\t\t\t\t\t<div class=\"mt-5 mb-8\">\n\t\t\t\t\t\t\t<\/div>\n\t\t\t\n\t\t\n\t<\/div>\n\n<\/div>\n\n\n\n<p><\/p>\n","protected":false},"excerpt":{"rendered":"<p>Here you can find out about how people persecuted by the Nazis as \u00bbasocials\u00ab and \u00bbcareer criminals\u00ab are remembered. How do their families address the history of persecution? How do initiatives and research contribute to it? What types of remembrance and commemoration exist?<\/p>\n","protected":false},"author":2,"featured_media":0,"parent":0,"menu_order":2,"comment_status":"closed","ping_status":"closed","template":"","meta":{"_acf_changed":false,"footnotes":""},"class_list":["post-4483","page","type-page","status-publish","hentry"],"acf":[],"yoast_head":"<!-- This site is optimized with the Yoast SEO plugin v23.5 - https:\/\/yoast.com\/wordpress\/plugins\/seo\/ -->\n<title>Your Stories | Die Verleugneten<\/title>\n<meta name=\"robots\" content=\"index, follow, max-snippet:-1, max-image-preview:large, max-video-preview:-1\" \/>\n<link rel=\"canonical\" href=\"https:\/\/www.die-verleugneten.de\/en\/your-stories\/\" \/>\n<meta property=\"og:locale\" content=\"en_US\" \/>\n<meta property=\"og:type\" content=\"article\" \/>\n<meta property=\"og:title\" content=\"Your Stories | Die Verleugneten\" \/>\n<meta property=\"og:description\" content=\"Here you can find out about how people persecuted by the Nazis as \u00bbasocials\u00ab and \u00bbcareer criminals\u00ab are remembered. How do their families address the history of persecution? How do initiatives and research contribute to it? What types of remembrance and commemoration exist?\" \/>\n<meta property=\"og:url\" content=\"https:\/\/www.die-verleugneten.de\/en\/your-stories\/\" \/>\n<meta property=\"og:site_name\" content=\"Die Verleugneten\" \/>\n<meta property=\"article:publisher\" content=\"https:\/\/www.facebook.com\/Die-Verleugneten-104463652313716\/\" \/>\n<meta property=\"article:modified_time\" content=\"2025-03-10T11:05:30+00:00\" \/>\n<meta name=\"twitter:card\" content=\"summary_large_image\" \/>\n<script type=\"application\/ld+json\" class=\"yoast-schema-graph\">{\"@context\":\"https:\/\/schema.org\",\"@graph\":[{\"@type\":\"WebPage\",\"@id\":\"https:\/\/www.die-verleugneten.de\/en\/your-stories\/\",\"url\":\"https:\/\/www.die-verleugneten.de\/en\/your-stories\/\",\"name\":\"Your Stories | Die Verleugneten\",\"isPartOf\":{\"@id\":\"https:\/\/www.die-verleugneten.de\/#website\"},\"datePublished\":\"2022-03-23T10:49:05+00:00\",\"dateModified\":\"2025-03-10T11:05:30+00:00\",\"breadcrumb\":{\"@id\":\"https:\/\/www.die-verleugneten.de\/en\/your-stories\/#breadcrumb\"},\"inLanguage\":\"en-US\",\"potentialAction\":[{\"@type\":\"ReadAction\",\"target\":[\"https:\/\/www.die-verleugneten.de\/en\/your-stories\/\"]}]},{\"@type\":\"BreadcrumbList\",\"@id\":\"https:\/\/www.die-verleugneten.de\/en\/your-stories\/#breadcrumb\",\"itemListElement\":[{\"@type\":\"ListItem\",\"position\":1,\"name\":\"Start\",\"item\":\"https:\/\/www.die-verleugneten.de\/en\/\"},{\"@type\":\"ListItem\",\"position\":2,\"name\":\"Your Stories\"}]},{\"@type\":\"WebSite\",\"@id\":\"https:\/\/www.die-verleugneten.de\/#website\",\"url\":\"https:\/\/www.die-verleugneten.de\/\",\"name\":\"Die Verleugneten\",\"description\":\"Als als vermeintliche &quot;Asoziale&quot; und &quot;Berufsverbrecher&quot; verfolgt\",\"publisher\":{\"@id\":\"https:\/\/www.die-verleugneten.de\/#organization\"},\"potentialAction\":[{\"@type\":\"SearchAction\",\"target\":{\"@type\":\"EntryPoint\",\"urlTemplate\":\"https:\/\/www.die-verleugneten.de\/?s={search_term_string}\"},\"query-input\":{\"@type\":\"PropertyValueSpecification\",\"valueRequired\":true,\"valueName\":\"search_term_string\"}}],\"inLanguage\":\"en-US\"},{\"@type\":\"Organization\",\"@id\":\"https:\/\/www.die-verleugneten.de\/#organization\",\"name\":\"Die Verleugneten\",\"url\":\"https:\/\/www.die-verleugneten.de\/\",\"logo\":{\"@type\":\"ImageObject\",\"inLanguage\":\"en-US\",\"@id\":\"https:\/\/www.die-verleugneten.de\/#\/schema\/logo\/image\/\",\"url\":\"https:\/\/www.die-verleugneten.de\/wp-content\/uploads\/2022\/03\/DV-Logo.svg\",\"contentUrl\":\"https:\/\/www.die-verleugneten.de\/wp-content\/uploads\/2022\/03\/DV-Logo.svg\",\"width\":210,\"height\":80,\"caption\":\"Die Verleugneten\"},\"image\":{\"@id\":\"https:\/\/www.die-verleugneten.de\/#\/schema\/logo\/image\/\"},\"sameAs\":[\"https:\/\/www.facebook.com\/Die-Verleugneten-104463652313716\/\",\"https:\/\/www.instagram.com\/die_verleugneten\/\"]}]}<\/script>\n<!-- \/ Yoast SEO plugin. -->","yoast_head_json":{"title":"Your Stories | Die Verleugneten","robots":{"index":"index","follow":"follow","max-snippet":"max-snippet:-1","max-image-preview":"max-image-preview:large","max-video-preview":"max-video-preview:-1"},"canonical":"https:\/\/www.die-verleugneten.de\/en\/your-stories\/","og_locale":"en_US","og_type":"article","og_title":"Your Stories | Die Verleugneten","og_description":"Here you can find out about how people persecuted by the Nazis as \u00bbasocials\u00ab and \u00bbcareer criminals\u00ab are remembered. How do their families address the history of persecution? How do initiatives and research contribute to it? What types of remembrance and commemoration exist?","og_url":"https:\/\/www.die-verleugneten.de\/en\/your-stories\/","og_site_name":"Die Verleugneten","article_publisher":"https:\/\/www.facebook.com\/Die-Verleugneten-104463652313716\/","article_modified_time":"2025-03-10T11:05:30+00:00","twitter_card":"summary_large_image","schema":{"@context":"https:\/\/schema.org","@graph":[{"@type":"WebPage","@id":"https:\/\/www.die-verleugneten.de\/en\/your-stories\/","url":"https:\/\/www.die-verleugneten.de\/en\/your-stories\/","name":"Your Stories | Die Verleugneten","isPartOf":{"@id":"https:\/\/www.die-verleugneten.de\/#website"},"datePublished":"2022-03-23T10:49:05+00:00","dateModified":"2025-03-10T11:05:30+00:00","breadcrumb":{"@id":"https:\/\/www.die-verleugneten.de\/en\/your-stories\/#breadcrumb"},"inLanguage":"en-US","potentialAction":[{"@type":"ReadAction","target":["https:\/\/www.die-verleugneten.de\/en\/your-stories\/"]}]},{"@type":"BreadcrumbList","@id":"https:\/\/www.die-verleugneten.de\/en\/your-stories\/#breadcrumb","itemListElement":[{"@type":"ListItem","position":1,"name":"Start","item":"https:\/\/www.die-verleugneten.de\/en\/"},{"@type":"ListItem","position":2,"name":"Your Stories"}]},{"@type":"WebSite","@id":"https:\/\/www.die-verleugneten.de\/#website","url":"https:\/\/www.die-verleugneten.de\/","name":"Die Verleugneten","description":"Als als vermeintliche &quot;Asoziale&quot; und &quot;Berufsverbrecher&quot; verfolgt","publisher":{"@id":"https:\/\/www.die-verleugneten.de\/#organization"},"potentialAction":[{"@type":"SearchAction","target":{"@type":"EntryPoint","urlTemplate":"https:\/\/www.die-verleugneten.de\/?s={search_term_string}"},"query-input":{"@type":"PropertyValueSpecification","valueRequired":true,"valueName":"search_term_string"}}],"inLanguage":"en-US"},{"@type":"Organization","@id":"https:\/\/www.die-verleugneten.de\/#organization","name":"Die Verleugneten","url":"https:\/\/www.die-verleugneten.de\/","logo":{"@type":"ImageObject","inLanguage":"en-US","@id":"https:\/\/www.die-verleugneten.de\/#\/schema\/logo\/image\/","url":"https:\/\/www.die-verleugneten.de\/wp-content\/uploads\/2022\/03\/DV-Logo.svg","contentUrl":"https:\/\/www.die-verleugneten.de\/wp-content\/uploads\/2022\/03\/DV-Logo.svg","width":210,"height":80,"caption":"Die Verleugneten"},"image":{"@id":"https:\/\/www.die-verleugneten.de\/#\/schema\/logo\/image\/"},"sameAs":["https:\/\/www.facebook.com\/Die-Verleugneten-104463652313716\/","https:\/\/www.instagram.com\/die_verleugneten\/"]}]}},"_links":{"self":[{"href":"https:\/\/www.die-verleugneten.de\/en\/wp-json\/wp\/v2\/pages\/4483","targetHints":{"allow":["GET"]}}],"collection":[{"href":"https:\/\/www.die-verleugneten.de\/en\/wp-json\/wp\/v2\/pages"}],"about":[{"href":"https:\/\/www.die-verleugneten.de\/en\/wp-json\/wp\/v2\/types\/page"}],"author":[{"embeddable":true,"href":"https:\/\/www.die-verleugneten.de\/en\/wp-json\/wp\/v2\/users\/2"}],"replies":[{"embeddable":true,"href":"https:\/\/www.die-verleugneten.de\/en\/wp-json\/wp\/v2\/comments?post=4483"}],"version-history":[{"count":7,"href":"https:\/\/www.die-verleugneten.de\/en\/wp-json\/wp\/v2\/pages\/4483\/revisions"}],"predecessor-version":[{"id":6114,"href":"https:\/\/www.die-verleugneten.de\/en\/wp-json\/wp\/v2\/pages\/4483\/revisions\/6114"}],"wp:attachment":[{"href":"https:\/\/www.die-verleugneten.de\/en\/wp-json\/wp\/v2\/media?parent=4483"}],"curies":[{"name":"wp","href":"https:\/\/api.w.org\/{rel}","templated":true}]}}